{"id":7565,"date":"2025-05-06T13:59:53","date_gmt":"2025-05-06T17:59:53","guid":{"rendered":"https:\/\/website.golfpinegrove.penega.dev\/pinegrove-golf-club-privacy-policy\/"},"modified":"2025-12-05T10:32:56","modified_gmt":"2025-12-05T15:32:56","slug":"pinegrove-golf-club-privacy-policy","status":"publish","type":"page","link":"https:\/\/www.golfpinegrove.ca\/en\/pinegrove-golf-club-privacy-policy\/","title":{"rendered":"Pinegrove Golf Club Privacy Policy"},"content":{"rendered":"\n<h2 class=\"wp-block-heading\"><strong>TERMS OF USE FOR PINEGROVE GOLF CLUB.<\/strong><\/h2>\n\n<p>Please read carefully the Terms of Use (hereinafter \u201c<strong>Terms of Use<\/strong>\u201d) below of Pinegrove Golf Club Inc., located at 200 Pine Avenue in the city of St-Jean-sur-Richelieu, province of Quebec, Canada (hereinafter referred to as \u201c<strong>GOLF PINEGROVE<\/strong>\u201d or \u201cwe\u201d).<\/p>\n\n<p>GOLF PINEGROVE operates the website \u201cgolfpinegrove.ca\u201d (hereinafter \u201c<strong>Platform<\/strong>\u201d). By deciding to use the Platform and the services of GOLF PINEGROVE, you, understood to be the end user or the organization you represent or for which you work (hereinafter the \u201c<strong>User<\/strong>\u201d or \u2018<strong>Users<\/strong>\u2019), agree to all of the Terms of Use set out below, which govern the content and use of the Platform, as well as the \u201c<strong>Privacy Policy.<\/strong>\u201d <\/p>\n\n<p>These Terms of Use are legally binding on the User and GOLF PINEGROVE (hereinafter the \u201cParties\u201d). The Parties are entitled to invoke these Terms of Use and to take all appropriate and necessary measures to enforce them. <\/p>\n\n<p>If the User does not accept these Terms of Use or, as the case may be, the Terms of Use as amended from time to time, they must not, or must no longer, use the Platform.<\/p>\n\n<h2 class=\"wp-block-heading\"><strong>ACCESS AND USE OF THE PLATFORM<\/strong><\/h2>\n\n<p>By browsing the Platform, you acknowledge that you have read, understood, and accepted the Terms of Use.<\/p>\n\n<p>The Platform is accessible from any device (computer, smartphone, tablet, etc.).<\/p>\n\n<p><\/p>\n\n<h2 class=\"wp-block-heading\"><strong>GENERAL FEATURES OF THE PLATFORM<\/strong><\/h2>\n\n<p>The Platform&#8217;s features allow you to:<br\/>\u2022 View the services offered by GOLF PINEGROVE;<br\/>\u2022 View content created or distributed by GOLF PINEGROVE;<br\/>\u2022 Subscribe to the GOLF PINEGROVE newsletter;<\/p>\n\n<h2 class=\"wp-block-heading\"><strong>THE SERVICE<\/strong><\/h2>\n\n<p>The Platform is accessible at all times. The Platform may be temporarily unavailable in the event of updates or technical issues. <\/p>\n\n<p>GOLF PINEGROVE is not liable for any service interruptions or updates. GOLF PINEGROVE endeavors to perform updates when traffic on the Platform is at its lowest.<br\/>GOLF PINEGROVE does not guarantee that the Platform, or any part thereof, will function on specific computer hardware or peripherals. Furthermore, the Platform may be subject to malfunctions and delays inherent in the use of the Internet and electronic communications.  <\/p>\n\n<p>GOLF PINEGROVE reserves the right to add, remove, and modify all or part of the content on the Platform. GOLF PINEGROVE cannot be held responsible for mistakes, typographical errors, and bugs. <\/p>\n\n<p>GOLF PINEGROVE also reserves the right to suspend or terminate your access to the Platform or its features without notice when it is reasonable for us to do so, and in particular if:<\/p>\n\n<ol class=\"wp-block-list\">\n<li>For any reason, we cease to provide the Platform services;<\/li>\n\n\n\n<li>Your use of the Platform has been, in any way, inappropriate or violates the spirit of the Terms of Use;<\/li>\n\n\n\n<li>We reasonably believe that the Platform is at risk of fraud or abuse;<\/li>\n\n\n\n<li>Our IT infrastructure is failing, experiencing outages, or requires maintenance;<\/li>\n\n\n\n<li>We are ordered or advised to suspend access to the Platform by security services, a court, or a competent regulatory authority.<\/li>\n<\/ol>\n\n<p>Each User of the Platform agrees, without limitation, not to:<\/p>\n\n<ol class=\"wp-block-list\">\n<li>Use the Platform in a manner that could damage, disable, overburden, or impair the Platform;<\/li>\n\n\n\n<li>Disrupt the security or otherwise abuse the Platform, or any service, system resource, server, or network connected to the Platform or to any affiliated or linked sites or accessible through them;<\/li>\n\n\n\n<li>Disturb or disrupt the use or enjoyment of the Platform by other services or affiliated or linked sites;<\/li>\n\n\n\n<li>Use a robot, crawler, or other automatic device or manual process to monitor or copy the pages of the Platform or its content;<\/li>\n\n\n\n<li>Use a robot, crawler, or other automatic device or manual process to monitor or copy the pages of the Platform or its content;<\/li>\n\n\n\n<li>Transmit through the Platform emails, chain letters, spam, or other types of unsolicited bulk emails;<\/li>\n\n\n\n<li>Attempt to gain unauthorized access to the Platform or certain portions of it to which access is restricted. In addition, the User agrees that he or she is solely responsible for all actions and communications undertaken or transmitted to or on his or her behalf, and agrees to comply with all applicable laws regarding his or her use or activities on the Platform. <\/li>\n<\/ol>\n\n<p><\/p>\n\n<p><\/p>\n\n<p><\/p>\n\n<h2 class=\"wp-block-heading\"><strong>INTELLECTUAL PROPERTY<\/strong><\/h2>\n\n<p>Unless otherwise specified, all intellectual property rights (trademarks, copyrights, etc.) (hereinafter referred to as \u201cIntellectual Property\u201d) related to the Platform are the exclusive property of GOLF PINEGROVE.<\/p>\n\n<p>You may not copy or use the material, structure, menu, appearance, or characters that appear on the Platform without the express consent of GOLF PINEGROVE. Certain names, words, titles, expressions, logos, icons, graphics, designs, domain names, or other content on the Platform may be trademarks or trade names, registered or unregistered (for the purposes of these Terms of Use, they are all referred to as \u201c<strong>Trademarks<\/strong>\u201d). These Trademarks are protected by Canadian and foreign trademark laws and are, as applicable, the exclusive property of GOLF PINEGROVE. Without limiting the scope, the Intellectual Property belonging to GOLF PINEGROVE includes, but is not limited to, the following:   <\/p>\n\n<ul class=\"wp-block-list\">\n<li>All logos, designs, graphics, photos, videos, trademarks (registered or unregistered), symbols, texts, expressions, words, and all general content of the Platform that is not already subject to intellectual property rights;<\/li>\n\n\n\n<li>All software, APIs, and materials made available by the Platform;<\/li>\n\n\n\n<li>All databases made available by the Platform; and<\/li>\n\n\n\n<li>All content offered by the Platform for free download.Tout le contenu propos\u00e9 par la Plateforme en libre t\u00e9l\u00e9chargement.<\/li>\n<\/ul>\n\n<p>Unless otherwise specified, all information provided on the Platform belongs to GOLF PINEGROVE and is protected by applicable laws. Furthermore, the information may not be copied, displayed, distributed, downloaded, licensed, modified, published, reproduced, reused, sold, transmitted, or used for derivative, public, or commercial purposes without the express written permission of GOLF PINEGROVE. The information is protected under the copyright and trademark laws of Canada and the countries that host the Platform.  <\/p>\n\n<p>Images and text contained on the Platform that are downloaded, copied, saved, or printed are still subject to these Terms of Use. You must ensure that all copyright and trademark notices are retained. The content of the Platform may be changed at any time without notice. For more information regarding permission to use, reproduce, or republish any information presented on the Platform, please contact us at <a href=\"mailto:RPRP@golfpinegrove.ca\">RPRP@golfpinegrove.ca.<\/a>   <\/p>\n\n<p>Nothing herein shall be construed as conferring any license or right to the User under any copyright or trademark laws.<\/p>\n\n<p>Any unauthorized downloading, retransmission, copying, or modification of the Intellectual Property or data contained on the Platform may violate laws, including those relating to trademarks or copyrights, and could expose the User to legal action.<\/p>\n\n<p>Subject to applicable laws, the importation, creation, submission, or storage of content by the User grants GOLF PINEGROVE a non-exclusive, royalty-free, transferable, sublicensable license worldwide. This license authorizes GOLF PINEGROVE to host, use, modify, reproduce, publish, publicly display, create derivative works, or distribute your content. Under this license, GOLF PINEGROVE may only use your content in connection with the operation, promotion, or improvement of its services. If you wish to terminate this license, simply delete your account. However, the content you have shared will still be visible to other Users: you may request its removal, subject to certain conditions, from the contact person, who can be reached at <a href=\"mailto:RPRP@golfpinegrove.ca\">RPRP@golfpinegrove.ca<\/a>.    <\/p>\n\n<p><\/p>\n\n<h2 class=\"wp-block-heading\"><strong>EXTERNAL LINKS<\/strong><\/h2>\n\n<p>By using a hyperlink, the User may leave the Platform to access external content (hereinafter referred to as \u201cExternal Websites\u201d). In addition to its own content, GOLF PINEGROVE provides Users with links to External Websites, in particular those of service providers, in order to provide the services requested by Users and for the User&#8217;s information. GOLF PINEGROVE has no control over the content of these External Websites and assumes no responsibility for their accuracy, precision, completeness, authenticity, timeliness, or adequacy. GOLF PINEGROVE is not liable for any direct or indirect damage or the consequences of using the content of these External Websites. GOLF PINEGROVE has no influence over the content of the External Websites to which the links refer and accepts no responsibility for its careful selection, the content of external links, in particular those that have been modified after the link was created. GOLF PINEGROVE does not require the transmission of information, does not select the recipients of the transmitted information or the information itself, and does not modify it. Furthermore, no automatic short-term intermediate storage of these external links is carried out by GOLF PINEGROVE under the current method of creating and consulting links. Consequently, the responsibility for the content of External Websites accessible via external links lies solely with their operators. Users are strongly advised to read the terms and conditions of use and privacy policies on these External Websites.        <\/p>\n\n<p>Furthermore, GOLF PINEGROVE cannot guarantee that these External Websites or their content do not violate any laws, including copyrights, trademarks, or third-party rights, or that they are free of viruses or other harmful components. No guarantee is made as to the authenticity of documents available on the Internet. <\/p>\n\n<h2 class=\"wp-block-heading\"><strong>SOCIAL MEDIA<\/strong><\/h2>\n\n<p>The following terms apply when you access a social media page, user account, website, network, or any application contained therein that has been designed and managed by a social media platform (individually, a \u201cSocial Media Platform\u201d and, collectively, \u201cSocial Media Platforms\u201d).<\/p>\n\n<p><\/p>\n\n<h2 class=\"wp-block-heading\"><strong>General Statement<\/strong><\/h2>\n\n<p>By using the Social Media Pages and submitting a comment, photo, video, or other material, you (and your parent\/legal guardian if you are under the age of majority in the province or territory where you reside) agree to be bound by and comply with GOLF PINEGROVE&#8217;s Terms of Use and Privacy Policy, as well as the Terms of Use of third-party Social Media providers. You also consent to GOLF PINEGROVE copying, editing, publishing, translating, and distributing your comment, photo, video, or other material posted on Social Media, without compensation. <\/p>\n\n<h2 class=\"wp-block-heading\"><strong>Social Media Terms of Use<\/strong><\/h2>\n\n<p>Some of the comments and other content posted on Social Media pages may not represent the views of GOLF PINEGROVE. Therefore, you agree not to post or submit any information, publications, links, or other items of any kind on Social Media pages that fall into any of the categories described below with respect to GOLF PINEGROVE: <\/p>\n\n<ul class=\"wp-block-list\">\n<li>Any content that is defamatory;<\/li>\n\n\n\n<li>Offensive;<\/li>\n\n\n\n<li>Counterfeit;<\/li>\n\n\n\n<li>Obscene ;<\/li>\n\n\n\n<li>Misleading;<\/li>\n\n\n\n<li>Illegal ;<\/li>\n\n\n\n<li>That otherwise violates the rights (including those related to the protection of personal information) of others;<\/li>\n\n\n\n<li>Any content containing advertising;<\/li>\n\n\n\n<li>Promotional materials or any form of unsolicited solicitation;<\/li>\n\n\n\n<li>Any content whose origin or source is falsified;<\/li>\n\n\n\n<li>Any financial or personal information about you or another person; and<\/li>\n\n\n\n<li>Any information that GOLF PINEGROVE deems to be in violation of the Terms of Use.<\/li>\n<\/ul>\n\n<p>Any information, message, link, or item that GOLF PINEGROVE considers to fall into one of the above categories will be deleted immediately, without liability to GOLF PINEGROVE. Furthermore, GOLF PINEGROVE assumes no responsibility for filtering messages posted on Social Media. <\/p>\n\n<p>GOLF PINEGROVE disclaims all liability with respect to GOLF PINEGROVE that owns or operates Social Media, including any loss or damage, direct or indirect, arising from any action or decision taken by you or another person in connection with the use of Social Media websites.<\/p>\n\n<p><strong>DISCLAIMER, WARRANTY DISCLAIMER, AND INDEMNIFICATION<\/strong><\/p>\n\n<p>GOLF PINEGROVE does not guarantee the accuracy, completeness, quality, relevance, or content of the information on its Platform. This information is provided \u201cas is,\u201d without warranty or condition of any kind, either express or implied, including, but not limited to, the implied conditions and warranties of merchantability and fitness for a particular purpose, except in jurisdictions that do not allow the exclusion of warranties. <\/p>\n\n<p>GOLF PINEGROVE is not responsible for content posted on the Platform by Users or for any damages that may result from such content. Each User is responsible for the content they exchange on the Platform and may not use the Platform for purposes contrary to the laws applicable in Quebec and Canada.<\/p>\n\n<p>When the User is a consumer within the meaning of the Quebec Consumer Protection Act, the Act does not allow for the exclusion of warranties and GOLF PINEGROVE&#8217;s liability for certain damages. In this case, the User has additional rights and is not subject to some of the limitations mentioned below.<\/p>\n\n<p>Except where the <em>Consumer Protection Act<\/em> applies, GOLF PINEGROVE shall not be liable for any direct, indirect, special, incidental, or consequential damages, or any other damages whatsoever, including, but not limited to, loss of revenue, profits, or anticipated economic benefits arising out of the use or inability to use the Platform, the information, documents, and software found on it, including their content, even if GOLF PINEGROVE has been advised of the possibility of such damages or even if such damages can be reasonably foreseen.<\/p>\n\n<p>GOLF PINEGROVE acts as a third party facilitating connections for services with participating therapists. By offering services to the public, you enter into a service contract directly with them and not with GOLF PINEGROVE.<\/p>\n\n<p>You understand and agree that GOLF PINEGROVE cannot be held responsible for the outcome of transactions between therapists and the public using the Platform. GOLF PINEGROVE has no control over or responsibility for the legality or use of the services found through the use of the Platform.<br\/>It is the responsibility of the therapist and the client concerned to resolve any dispute or claim regarding a service retained through the Platform.<\/p>\n\n<p>As a User, you will indemnify GOLF PINEGROVE and, where applicable, its directors, officers, shareholders, partners, employees, agents, consultants, and other parties involved with GOLF PINEGROVE, and release them from any liability for all claims, liabilities, losses, and expenses (including legal fees) attributable to the use of the Platform and\/or the violation of these Terms of Use, whether such violation is by you or any third party user of your account. You may not use or export the information, or any copy or adaptation of the information, in violation of applicable laws or regulations.<\/p>\n\n<p><strong>MODIFICATION OF THESE TERMS AND CONDITIONS<\/strong><\/p>\n\n<p>We occasionally update these Terms of Use. Continued use of the Platform constitutes the User&#8217;s agreement to these Terms of Use and any updates thereto.<\/p>\n\n<p>However, where the <em>Consumer Protection Act<\/em> applies, GOLF PINEGROVE will notify Platform Users thirty (30) days prior to the effective date of any changes to these Terms. If the User refuses these changes and wishes to terminate the contract, they will have no later than thirty (30) days following the effective date of the changes to send notice to GOLF PINEGROVE and resolve, without cost or penalty, their obligations to GOLF PINEGROVE.<\/p>\n\n<p><strong>INTERPRETATION<\/strong><\/p>\n\n<p>The headings of the preceding articles are inserted for reference purposes only and shall not affect the construction or interpretation of the provisions of these Terms of Use.<\/p>\n\n<p>Wherever the context so requires, any word written in the singular shall also include the plural and vice versa; any word written in the masculine gender shall also include the feminine gender and vice versa.<\/p>\n\n<p><strong>CONTACT PERSON<\/strong><\/p>\n\n<p>If you have any questions or comments regarding any content on the Platform, please contact us at <a href=\"mailto:RPRP@golfpinegrove.ca\">RPRP@golfpinegrove.ca<\/a><\/p>\n\n<p>Last updated on January 23, 2025.<\/p>\n\n<p>Please read this policy and our terms and conditions carefully to understand our privacy practices. Please read this policy and our terms and conditions carefully to understand our privacy practices. If you do not agree, please stop using our Platform. By continuing to use the Platform, you accept the practices described in this policy.<\/p>\n\n<p>We, Club de GOLF PINEGROVE, a legally constituted company, attach great importance to protecting your privacy in the context of new technological developments. We only collect professional information (last name, first name,<br\/>professional email address, nature of your request) through the contact form on our website. We recommend that you do not include any personal information in your contact message. If you do, however, you consent to our processing of this personal information in accordance with applicable laws.<\/p>\n\n<p>The only personal information that may be collected about you on our website is through cookies. This information includes your IP address, browser configuration, web preferences and cookies, and browsing activity.<\/p>\n\n<p>We use your information solely to communicate with you, provide you with the services you have requested from us, analyze our web audience, and improve your experience on our website. Your information may be shared with our service providers to ensure the continuity of services and the security of the Platform. We may also share your information in the event of a legal obligation or request from the competent authorities.<\/p>\n\n<p>The personal information we collect is stored in Quebec and will not be transferred outside this territory without your consent. GOLF PINEGROVE does not retain any personal information for purposes other than those for which it was collected, and complies with the retention period imposed by law.<\/p>\n\n<p>You have the right to request access to your personal data and to correct or de-index it.\nYou may also withdraw your consent by contacting us, but this may affect our ability to provide you with our services. You may also withdraw your consent by contacting us, but this may affect our ability to provide you with our services.<\/p>\n\n<p>We may change the content of this Privacy Policy at any time. We therefore encourage you to review it regularly to stay informed about how we process personal information.<\/p>\n\n<p>If you have any questions or requests regarding your personal information, please contact our Privacy Officer.<\/p>\n\n<p>Privacy Officer <a href=\"mailto:RPRP@golfpinegrove.ca\">RPRP@golfpinegrove.ca<\/a><\/p>\n","protected":false},"excerpt":{"rendered":"<p>TERMS OF USE FOR PINEGROVE GOLF CLUB. Please read carefully the Terms of Use (hereinafter \u201cTerms of Use\u201d) below of Pinegrove Golf Club Inc., located at 200 Pine Avenue in the city of St-Jean-sur-Richelieu, province of Quebec, Canada (hereinafter referred to as \u201cGOLF PINEGROVE\u201d or \u201cwe\u201d). GOLF PINEGROVE operates the website \u201cgolfpinegrove.ca\u201d (hereinafter \u201cPlatform\u201d). By [&hellip;]<\/p>\n","protected":false},"author":1,"featured_media":0,"parent":0,"menu_order":0,"comment_status":"closed","ping_status":"closed","template":"","meta":{"footnotes":""},"class_list":["post-7565","page","type-page","status-publish","hentry"],"_links":{"self":[{"href":"https:\/\/www.golfpinegrove.ca\/en\/wp-json\/wp\/v2\/pages\/7565","targetHints":{"allow":["GET"]}}],"collection":[{"href":"https:\/\/www.golfpinegrove.ca\/en\/wp-json\/wp\/v2\/pages"}],"about":[{"href":"https:\/\/www.golfpinegrove.ca\/en\/wp-json\/wp\/v2\/types\/page"}],"author":[{"embeddable":true,"href":"https:\/\/www.golfpinegrove.ca\/en\/wp-json\/wp\/v2\/users\/1"}],"replies":[{"embeddable":true,"href":"https:\/\/www.golfpinegrove.ca\/en\/wp-json\/wp\/v2\/comments?post=7565"}],"version-history":[{"count":1,"href":"https:\/\/www.golfpinegrove.ca\/en\/wp-json\/wp\/v2\/pages\/7565\/revisions"}],"predecessor-version":[{"id":7672,"href":"https:\/\/www.golfpinegrove.ca\/en\/wp-json\/wp\/v2\/pages\/7565\/revisions\/7672"}],"wp:attachment":[{"href":"https:\/\/www.golfpinegrove.ca\/en\/wp-json\/wp\/v2\/media?parent=7565"}],"curies":[{"name":"wp","href":"https:\/\/api.w.org\/{rel}","templated":true}]}}