{"id":7555,"date":"2021-03-22T10:31:15","date_gmt":"2021-03-22T14:31:15","guid":{"rendered":"https:\/\/website.golfpinegrove.penega.dev\/becoming-a-member\/"},"modified":"2026-03-02T17:15:43","modified_gmt":"2026-03-02T22:15:43","slug":"becoming-a-member","status":"publish","type":"page","link":"https:\/\/www.golfpinegrove.ca\/en\/becoming-a-member\/","title":{"rendered":"Becoming a member"},"content":{"rendered":"\t\t<div data-elementor-type=\"wp-page\" data-elementor-id=\"7555\" class=\"elementor elementor-7555 elementor-2605\" data-elementor-post-type=\"page\">\n\t\t\t\t<div class=\"elementor-element elementor-element-5aaa538 e-flex e-con-boxed e-con e-parent\" data-id=\"5aaa538\" data-element_type=\"container\" data-e-type=\"container\">\n\t\t\t\t\t<div class=\"e-con-inner\">\n\t\t\t\t<div class=\"elementor-element elementor-element-78c7033 elementor-widget elementor-widget-qi_addons_for_elementor_section_title\" data-id=\"78c7033\" data-element_type=\"widget\" data-e-type=\"widget\" data-widget_type=\"qi_addons_for_elementor_section_title.default\">\n\t\t\t\t<div class=\"elementor-widget-container\">\n\t\t\t\t\t<div class=\"qodef-shortcode qodef-m qodef-qi-section-title qodef-decoration--italic qodef-link--underline-draw qodef-subtitle-icon--left\">\n\t\t\t\t\t\t<h2 class=\"qodef-m-title\">\n\t\tThe Club\u2019s mission is to offer members and their guests quality personalized service that exceeds expectations and state-of-the-art installations within budget parameters set by Pinegrove\u2019s Board of Directors.<br>\t<\/h2>\n\t\t\t<\/div>\n\t\t\t\t<\/div>\n\t\t\t\t<\/div>\n\t\t\t\t<div class=\"elementor-element elementor-element-7eaa93f elementor-widget elementor-widget-qi_addons_for_elementor_separator\" data-id=\"7eaa93f\" data-element_type=\"widget\" data-e-type=\"widget\" data-widget_type=\"qi_addons_for_elementor_separator.default\">\n\t\t\t\t<div class=\"elementor-widget-container\">\n\t\t\t\t\t<div class=\"qodef-shortcode qodef-m qodef-qi-separator qodef-qi-clear qodef-separator--standard\">\n\t<div class=\"qodef-m-line\"><\/div>\n<\/div>\n\t\t\t\t<\/div>\n\t\t\t\t<\/div>\n\t\t\t\t\t<\/div>\n\t\t\t\t<\/div>\n\t\t\t\t<section class=\"elementor-section elementor-top-section elementor-element elementor-element-3f23cf93 elementor-section-full_width qodef-elementor-content-grid elementor-section-height-default elementor-section-height-default\" data-id=\"3f23cf93\" data-element_type=\"section\" data-e-type=\"section\">\n\t\t\t\t\t\t<div class=\"elementor-container elementor-column-gap-default\">\n\t\t\t\t\t<div class=\"elementor-column elementor-col-100 elementor-top-column elementor-element elementor-element-bca3607\" data-id=\"bca3607\" data-element_type=\"column\" data-e-type=\"column\">\n\t\t\t<div class=\"elementor-widget-wrap elementor-element-populated\">\n\t\t\t\t\t\t<section class=\"elementor-section elementor-inner-section elementor-element elementor-element-71973ffb elementor-section-full_width elementor-section-height-default elementor-section-height-default qodef-elementor-content-no\" data-id=\"71973ffb\" data-element_type=\"section\" data-e-type=\"section\">\n\t\t\t\t\t\t<div class=\"elementor-container elementor-column-gap-default\">\n\t\t\t\t\t<div class=\"elementor-column elementor-col-50 elementor-inner-column elementor-element elementor-element-35e870e8\" data-id=\"35e870e8\" data-element_type=\"column\" data-e-type=\"column\">\n\t\t\t<div class=\"elementor-widget-wrap elementor-element-populated\">\n\t\t\t\t\t\t<div class=\"elementor-element elementor-element-3b455b18 elementor-widget elementor-widget-fairwaygreen_core_pricing_table\" data-id=\"3b455b18\" data-element_type=\"widget\" data-e-type=\"widget\" data-widget_type=\"fairwaygreen_core_pricing_table.default\">\n\t\t\t\t<div class=\"elementor-widget-container\">\n\t\t\t\t\t<div class=\"qodef-shortcode qodef-m  qodef-pricing-table qodef-layout--standard qodef-status--regular\" >\n\t<div class=\"qodef-m-inner\">\n\t\t\t<div class=\"qodef-m-title\">\n\t\t<p >Avantages<\/p>\n\t<\/div>\n\t\t\t\t\t<div class=\"qodef-m-content\"><ul><li>Vous rencontrerez des gens qui partagent la m\u00eame passion pour le golf et les m\u00eames valeurs que vous et ce, dans un environnement unique;<\/li><li>Vous aurez droit \u00e0 un service personnalis\u00e9 et de qualit\u00e9, digne des plus exclusifs clubs de golf au Qu\u00e9bec;<\/li><li>Vous jouerez sur un parcours \u00e0 la hauteur de votre talent;<\/li><li>Vos invit\u00e9s se consid\u00e9reront privil\u00e9gi\u00e9s de pouvoir jouer sur un terrain aussi magnifique et partager avec vous un excellent repas \u00e0 notre salle \u00e0 manger;<\/li><li>Pinegrove est l\u2019endroit par excellence pour vivre votre passion en famille;<\/li><li>Vous \u00eates assur\u00e9 d\u2019obtenir un temps de d\u00e9part dans une plage d\u2019heures qui vous convient.<\/li><\/ul><\/div>\n\t\t\t<div class=\"qodef-m-button clear\">\n\t\t<a class=\"qodef-shortcode qodef-m  qodef-button qodef-layout--filled  qodef-html--link\" href=\"https:\/\/www.golfpinegrove.ca\/booking\/\" target=\"_self\"  >\t<span class=\"qodef-m-text\"><\/span><\/a>\t<\/div>\n\t<\/div>\n<\/div>\n\t\t\t\t<\/div>\n\t\t\t\t<\/div>\n\t\t\t\t\t<\/div>\n\t\t<\/div>\n\t\t\t\t<div class=\"elementor-column elementor-col-50 elementor-inner-column elementor-element elementor-element-4946b999\" data-id=\"4946b999\" data-element_type=\"column\" data-e-type=\"column\">\n\t\t\t<div class=\"elementor-widget-wrap elementor-element-populated\">\n\t\t\t\t\t\t<div class=\"elementor-element elementor-element-617046c6 elementor-widget elementor-widget-fairwaygreen_core_pricing_table\" data-id=\"617046c6\" data-element_type=\"widget\" data-e-type=\"widget\" data-widget_type=\"fairwaygreen_core_pricing_table.default\">\n\t\t\t\t<div class=\"elementor-widget-container\">\n\t\t\t\t\t<div class=\"qodef-shortcode qodef-m  qodef-pricing-table qodef-layout--standard qodef-status--featured\" >\n\t<div class=\"qodef-m-inner\">\n\t\t\t<div class=\"qodef-m-title\">\n\t\t<p >Services inclus dans l&#039;abonnement<\/p>\n\t<\/div>\n\t\t\t\t\t<div class=\"qodef-m-content\"><ul><li>Entreposage (membres) et nettoyage des b\u00e2tons;<\/li><li>Un casier personnel au vestiaire;<\/li><li>Chariot \u00e0 trois roues;<\/li><li>Formule d\u2019achat Mill River \u00e0 la boutique du professionnel. Large s\u00e9lection de v\u00eatements, d\u2019\u00e9quipements et d\u2019accessoires parmi les marques les plus r\u00e9put\u00e9es (Plan Mill River: Vous offre des prix pr\u00e9f\u00e9rentiels \u00e0 la boutique.);<\/li><li>Service exceptionnel de restauration;<\/li><li>Nettoyage et cirage de vos souliers;<\/li><li>Piscine;<\/li><li>Aires de pratique avec balles \u00e0 volont\u00e9.<\/li><\/ul><\/div>\n\t\t\t<div class=\"qodef-m-button clear\">\n\t\t<a class=\"qodef-shortcode qodef-m  qodef-button qodef-layout--filled  qodef-html--link\" href=\"https:\/\/www.golfpinegrove.ca\/academy\/\" target=\"_self\"  >\t<span class=\"qodef-m-text\">Read More<\/span><\/a>\t<\/div>\n\t<\/div>\n<\/div>\n\t\t\t\t<\/div>\n\t\t\t\t<\/div>\n\t\t\t\t\t<\/div>\n\t\t<\/div>\n\t\t\t\t\t<\/div>\n\t\t<\/section>\n\t\t\t\t\t<\/div>\n\t\t<\/div>\n\t\t\t\t\t<\/div>\n\t\t<\/section>\n\t\t\t\t<\/div>\n\t\t","protected":false},"excerpt":{"rendered":"<p>The Club\u2019s mission is to offer members and their guests quality personalized service that exceeds expectations and state-of-the-art installations within budget parameters set by Pinegrove\u2019s Board of Directors. Avantages Vous rencontrerez des gens qui partagent la m\u00eame passion pour le golf et les m\u00eames valeurs que vous et ce, dans un environnement unique; Vous aurez [&hellip;]<\/p>\n","protected":false},"author":1,"featured_media":0,"parent":0,"menu_order":0,"comment_status":"closed","ping_status":"closed","template":"page-full-width.php","meta":{"footnotes":""},"class_list":["post-7555","page","type-page","status-publish","hentry"],"_links":{"self":[{"href":"https:\/\/www.golfpinegrove.ca\/en\/wp-json\/wp\/v2\/pages\/7555","targetHints":{"allow":["GET"]}}],"collection":[{"href":"https:\/\/www.golfpinegrove.ca\/en\/wp-json\/wp\/v2\/pages"}],"about":[{"href":"https:\/\/www.golfpinegrove.ca\/en\/wp-json\/wp\/v2\/types\/page"}],"author":[{"embeddable":true,"href":"https:\/\/www.golfpinegrove.ca\/en\/wp-json\/wp\/v2\/users\/1"}],"replies":[{"embeddable":true,"href":"https:\/\/www.golfpinegrove.ca\/en\/wp-json\/wp\/v2\/comments?post=7555"}],"version-history":[{"count":1,"href":"https:\/\/www.golfpinegrove.ca\/en\/wp-json\/wp\/v2\/pages\/7555\/revisions"}],"predecessor-version":[{"id":7848,"href":"https:\/\/www.golfpinegrove.ca\/en\/wp-json\/wp\/v2\/pages\/7555\/revisions\/7848"}],"wp:attachment":[{"href":"https:\/\/www.golfpinegrove.ca\/en\/wp-json\/wp\/v2\/media?parent=7555"}],"curies":[{"name":"wp","href":"https:\/\/api.w.org\/{rel}","templated":true}]}}